{"id":12429,"date":"2020-01-14T14:06:02","date_gmt":"2020-01-14T13:06:02","guid":{"rendered":"https:\/\/geli.de\/?page_id=12429"},"modified":"2025-04-09T11:45:12","modified_gmt":"2025-04-09T09:45:12","slug":"nachhaltigkeit","status":"publish","type":"page","link":"https:\/\/geli.de\/en\/nachhaltigkeit\/","title":{"rendered":"Sustainability"},"content":{"rendered":"","protected":false},"excerpt":{"rendered":"","protected":false},"author":1,"featured_media":0,"parent":0,"menu_order":28,"comment_status":"closed","ping_status":"closed","template":"templates\/template-recycling.php","meta":{"_acf_changed":false,"footnotes":""},"class_list":["post-12429","page","type-page","status-publish","hentry"],"acf":[],"yoast_head":"<!-- This site is optimized with the Yoast SEO plugin v27.3 - https:\/\/yoast.com\/product\/yoast-seo-wordpress\/ -->\n<title>Sustainability &#8226; Geli - Goods for green<\/title>\n<meta name=\"description\" content=\"Wir als kunststoffverarbeitendes Unternehmen sind uns der Verantwortung der Umwelt gegen\u00fcber bewusst. Deswegen pl\u00e4dieren wir f\u00fcr einen gewissenhaften Umgang mit Kunststoffabf\u00e4llen und gehen mit gutem Beispiel voran.\" \/>\n<meta name=\"robots\" content=\"index, follow, max-snippet:-1, max-image-preview:large, max-video-preview:-1\" \/>\n<link rel=\"canonical\" href=\"https:\/\/geli.de\/en\/nachhaltigkeit\/\" \/>\n<meta property=\"og:locale\" content=\"en_US\" \/>\n<meta property=\"og:type\" content=\"article\" \/>\n<meta property=\"og:title\" content=\"Sustainability &#8226; Geli - Goods for green\" \/>\n<meta property=\"og:description\" content=\"Wir als kunststoffverarbeitendes Unternehmen sind uns der Verantwortung der Umwelt gegen\u00fcber bewusst. Deswegen pl\u00e4dieren wir f\u00fcr einen gewissenhaften Umgang mit Kunststoffabf\u00e4llen und gehen mit gutem Beispiel voran.\" \/>\n<meta property=\"og:url\" content=\"https:\/\/geli.de\/en\/nachhaltigkeit\/\" \/>\n<meta property=\"og:site_name\" content=\"Geli - Goods for green\" \/>\n<meta property=\"article:publisher\" content=\"https:\/\/www.facebook.com\/GeliGmbH\/\" \/>\n<meta property=\"article:modified_time\" content=\"2025-04-09T09:45:12+00:00\" \/>\n<meta property=\"og:image\" content=\"https:\/\/geli.de\/wp-content\/uploads\/2024\/08\/og-image.jpg\" \/>\n\t<meta property=\"og:image:width\" content=\"1200\" \/>\n\t<meta property=\"og:image:height\" content=\"630\" \/>\n\t<meta property=\"og:image:type\" content=\"image\/jpeg\" \/>\n<meta name=\"twitter:card\" content=\"summary_large_image\" \/>\n<script type=\"application\/ld+json\" class=\"yoast-schema-graph\">{\"@context\":\"https:\\\/\\\/schema.org\",\"@graph\":[{\"@type\":\"WebPage\",\"@id\":\"https:\\\/\\\/geli.de\\\/en\\\/nachhaltigkeit\\\/\",\"url\":\"https:\\\/\\\/geli.de\\\/en\\\/nachhaltigkeit\\\/\",\"name\":\"Sustainability &#8226; Geli - Goods for green\",\"isPartOf\":{\"@id\":\"https:\\\/\\\/geli.de\\\/#website\"},\"datePublished\":\"2020-01-14T13:06:02+00:00\",\"dateModified\":\"2025-04-09T09:45:12+00:00\",\"description\":\"Wir als kunststoffverarbeitendes Unternehmen sind uns der Verantwortung der Umwelt gegen\u00fcber bewusst. Deswegen pl\u00e4dieren wir f\u00fcr einen gewissenhaften Umgang mit Kunststoffabf\u00e4llen und gehen mit gutem Beispiel voran.\",\"breadcrumb\":{\"@id\":\"https:\\\/\\\/geli.de\\\/en\\\/nachhaltigkeit\\\/#breadcrumb\"},\"inLanguage\":\"en-US\",\"potentialAction\":[{\"@type\":\"ReadAction\",\"target\":[\"https:\\\/\\\/geli.de\\\/en\\\/nachhaltigkeit\\\/\"]}]},{\"@type\":\"BreadcrumbList\",\"@id\":\"https:\\\/\\\/geli.de\\\/en\\\/nachhaltigkeit\\\/#breadcrumb\",\"itemListElement\":[{\"@type\":\"ListItem\",\"position\":1,\"name\":\"Startseite\",\"item\":\"https:\\\/\\\/geli.de\\\/en\\\/\"},{\"@type\":\"ListItem\",\"position\":2,\"name\":\"Sustainability\"}]},{\"@type\":\"WebSite\",\"@id\":\"https:\\\/\\\/geli.de\\\/#website\",\"url\":\"https:\\\/\\\/geli.de\\\/\",\"name\":\"Geli - Goods for green\",\"description\":\"Wir von Geli wissen, was G\u00e4rtner brauchen, ob f\u00fcr Balkon, Terrasse, den Garten oder das gem\u00fctliche Wohnzimmer. F\u00fcr den Garten- und Hausbereich bieten wir eine gro\u00dfe Palette an Kunststoffprodukten aus modernsten Spritzgie\u00df- und Blasverfahren an.\",\"publisher\":{\"@id\":\"https:\\\/\\\/geli.de\\\/#organization\"},\"potentialAction\":[{\"@type\":\"SearchAction\",\"target\":{\"@type\":\"EntryPoint\",\"urlTemplate\":\"https:\\\/\\\/geli.de\\\/?s={search_term_string}\"},\"query-input\":{\"@type\":\"PropertyValueSpecification\",\"valueRequired\":true,\"valueName\":\"search_term_string\"}}],\"inLanguage\":\"en-US\"},{\"@type\":\"Organization\",\"@id\":\"https:\\\/\\\/geli.de\\\/#organization\",\"name\":\"Geli GmbH\",\"url\":\"https:\\\/\\\/geli.de\\\/\",\"logo\":{\"@type\":\"ImageObject\",\"inLanguage\":\"en-US\",\"@id\":\"https:\\\/\\\/geli.de\\\/#\\\/schema\\\/logo\\\/image\\\/\",\"url\":\"https:\\\/\\\/geli.de\\\/wp-content\\\/uploads\\\/2018\\\/03\\\/geli_logo_wb_claim_rgb_140512-01.png\",\"contentUrl\":\"https:\\\/\\\/geli.de\\\/wp-content\\\/uploads\\\/2018\\\/03\\\/geli_logo_wb_claim_rgb_140512-01.png\",\"width\":1406,\"height\":975,\"caption\":\"Geli GmbH\"},\"image\":{\"@id\":\"https:\\\/\\\/geli.de\\\/#\\\/schema\\\/logo\\\/image\\\/\"},\"sameAs\":[\"https:\\\/\\\/www.facebook.com\\\/GeliGmbH\\\/\"]}]}<\/script>\n<!-- \/ Yoast SEO plugin. -->","yoast_head_json":{"title":"Sustainability &#8226; Geli - Goods for green","description":"Wir als kunststoffverarbeitendes Unternehmen sind uns der Verantwortung der Umwelt gegen\u00fcber bewusst. Deswegen pl\u00e4dieren wir f\u00fcr einen gewissenhaften Umgang mit Kunststoffabf\u00e4llen und gehen mit gutem Beispiel voran.","robots":{"index":"index","follow":"follow","max-snippet":"max-snippet:-1","max-image-preview":"max-image-preview:large","max-video-preview":"max-video-preview:-1"},"canonical":"https:\/\/geli.de\/en\/nachhaltigkeit\/","og_locale":"en_US","og_type":"article","og_title":"Sustainability &#8226; Geli - Goods for green","og_description":"Wir als kunststoffverarbeitendes Unternehmen sind uns der Verantwortung der Umwelt gegen\u00fcber bewusst. Deswegen pl\u00e4dieren wir f\u00fcr einen gewissenhaften Umgang mit Kunststoffabf\u00e4llen und gehen mit gutem Beispiel voran.","og_url":"https:\/\/geli.de\/en\/nachhaltigkeit\/","og_site_name":"Geli - Goods for green","article_publisher":"https:\/\/www.facebook.com\/GeliGmbH\/","article_modified_time":"2025-04-09T09:45:12+00:00","og_image":[{"width":1200,"height":630,"url":"https:\/\/geli.de\/wp-content\/uploads\/2024\/08\/og-image.jpg","type":"image\/jpeg"}],"twitter_card":"summary_large_image","schema":{"@context":"https:\/\/schema.org","@graph":[{"@type":"WebPage","@id":"https:\/\/geli.de\/en\/nachhaltigkeit\/","url":"https:\/\/geli.de\/en\/nachhaltigkeit\/","name":"Sustainability &#8226; Geli - Goods for green","isPartOf":{"@id":"https:\/\/geli.de\/#website"},"datePublished":"2020-01-14T13:06:02+00:00","dateModified":"2025-04-09T09:45:12+00:00","description":"Wir als kunststoffverarbeitendes Unternehmen sind uns der Verantwortung der Umwelt gegen\u00fcber bewusst. Deswegen pl\u00e4dieren wir f\u00fcr einen gewissenhaften Umgang mit Kunststoffabf\u00e4llen und gehen mit gutem Beispiel voran.","breadcrumb":{"@id":"https:\/\/geli.de\/en\/nachhaltigkeit\/#breadcrumb"},"inLanguage":"en-US","potentialAction":[{"@type":"ReadAction","target":["https:\/\/geli.de\/en\/nachhaltigkeit\/"]}]},{"@type":"BreadcrumbList","@id":"https:\/\/geli.de\/en\/nachhaltigkeit\/#breadcrumb","itemListElement":[{"@type":"ListItem","position":1,"name":"Startseite","item":"https:\/\/geli.de\/en\/"},{"@type":"ListItem","position":2,"name":"Sustainability"}]},{"@type":"WebSite","@id":"https:\/\/geli.de\/#website","url":"https:\/\/geli.de\/","name":"Geli - Goods for green","description":"Wir von Geli wissen, was G\u00e4rtner brauchen, ob f\u00fcr Balkon, Terrasse, den Garten oder das gem\u00fctliche Wohnzimmer. F\u00fcr den Garten- und Hausbereich bieten wir eine gro\u00dfe Palette an Kunststoffprodukten aus modernsten Spritzgie\u00df- und Blasverfahren an.","publisher":{"@id":"https:\/\/geli.de\/#organization"},"potentialAction":[{"@type":"SearchAction","target":{"@type":"EntryPoint","urlTemplate":"https:\/\/geli.de\/?s={search_term_string}"},"query-input":{"@type":"PropertyValueSpecification","valueRequired":true,"valueName":"search_term_string"}}],"inLanguage":"en-US"},{"@type":"Organization","@id":"https:\/\/geli.de\/#organization","name":"Geli GmbH","url":"https:\/\/geli.de\/","logo":{"@type":"ImageObject","inLanguage":"en-US","@id":"https:\/\/geli.de\/#\/schema\/logo\/image\/","url":"https:\/\/geli.de\/wp-content\/uploads\/2018\/03\/geli_logo_wb_claim_rgb_140512-01.png","contentUrl":"https:\/\/geli.de\/wp-content\/uploads\/2018\/03\/geli_logo_wb_claim_rgb_140512-01.png","width":1406,"height":975,"caption":"Geli GmbH"},"image":{"@id":"https:\/\/geli.de\/#\/schema\/logo\/image\/"},"sameAs":["https:\/\/www.facebook.com\/GeliGmbH\/"]}]}},"_links":{"self":[{"href":"https:\/\/geli.de\/en\/wp-json\/wp\/v2\/pages\/12429","targetHints":{"allow":["GET"]}}],"collection":[{"href":"https:\/\/geli.de\/en\/wp-json\/wp\/v2\/pages"}],"about":[{"href":"https:\/\/geli.de\/en\/wp-json\/wp\/v2\/types\/page"}],"author":[{"embeddable":true,"href":"https:\/\/geli.de\/en\/wp-json\/wp\/v2\/users\/1"}],"replies":[{"embeddable":true,"href":"https:\/\/geli.de\/en\/wp-json\/wp\/v2\/comments?post=12429"}],"version-history":[{"count":6,"href":"https:\/\/geli.de\/en\/wp-json\/wp\/v2\/pages\/12429\/revisions"}],"predecessor-version":[{"id":17068,"href":"https:\/\/geli.de\/en\/wp-json\/wp\/v2\/pages\/12429\/revisions\/17068"}],"wp:attachment":[{"href":"https:\/\/geli.de\/en\/wp-json\/wp\/v2\/media?parent=12429"}],"curies":[{"name":"wp","href":"https:\/\/api.w.org\/{rel}","templated":true}]}}