{"id":12438,"date":"2020-01-16T17:00:31","date_gmt":"2020-01-16T16:00:31","guid":{"rendered":"https:\/\/geli.de\/?page_id=12438"},"modified":"2022-07-28T15:58:05","modified_gmt":"2022-07-28T13:58:05","slug":"downloads","status":"publish","type":"page","link":"https:\/\/geli.de\/en\/downloads\/","title":{"rendered":"Downloads"},"content":{"rendered":"<h2 class=\"as-h4 reveal-up\">About our products<\/h2>\n<h3 class=\"h-big reveal-up\">Downloads<\/h3>\n<div class=\"intro-text reveal-up\">In addition to our catalogue, on this page you can find lots of media to download.<br \/>\nNeed further material? Please feel free to contact us personally.<\/div>\n<div><\/div>\n<p> &nbsp;<\/p>\n<div class=\"intro-text reveal-up\"><strong>Your contact person:<\/strong><\/div>\n<div class=\"intro-text reveal-up\">Bengt Trageser<br \/>\ncontact: <a href=\"&#109;&#x61;i&#108;&#x74;o&#58;&#x74;r&#x61;&#x67;&#101;&#x73;e&#114;&#x2e;b&#101;&#x6e;g&#x74;&#x40;&#103;&#x65;&#x6c;&#105;&#x2e;d&#101;\">&#x74;r&#x61;g&#x65;&#115;&#x65;&#114;&#46;&#x62;e&#x6e;&#103;&#x74;&#64;&#x67;&#101;l&#x69;&#46;&#x64;&#101;<\/a><\/div>\n","protected":false},"excerpt":{"rendered":"About our products Downloads In addition to our catalogue, on this page you can find lots of media to download. Need further material? Please feel free to contact us personally. &nbsp; Your contact person: Bengt Trageser contact: &#116;&#x72;a&#x67;e&#115;&#x65;&#114;&#x2e;b&#101;&#x6e;&#103;&#x74;&#64;&#x67;&#x65;&#108;&#x69;&#46;&#x64;e","protected":false},"author":1,"featured_media":0,"parent":0,"menu_order":30,"comment_status":"closed","ping_status":"closed","template":"templates\/template-download.php","meta":{"_acf_changed":false,"footnotes":""},"class_list":["post-12438","page","type-page","status-publish","hentry"],"acf":[],"yoast_head":"<!-- This site is optimized with the Yoast SEO plugin v27.4 - https:\/\/yoast.com\/product\/yoast-seo-wordpress\/ -->\n<title>Downloads &#8226; Geli - Goods for green<\/title>\n<meta name=\"description\" content=\"Neben unserem Katalog stellen wir Ihnen auf dieser Seite unterschiedliche Medien zum Download zur Verf\u00fcgung.\" \/>\n<meta name=\"robots\" content=\"index, follow, max-snippet:-1, max-image-preview:large, max-video-preview:-1\" \/>\n<link rel=\"canonical\" href=\"https:\/\/geli.de\/en\/downloads\/\" \/>\n<meta property=\"og:locale\" content=\"en_US\" \/>\n<meta property=\"og:type\" content=\"article\" \/>\n<meta property=\"og:title\" content=\"Downloads &#8226; Geli - Goods for green\" \/>\n<meta property=\"og:description\" content=\"Neben unserem Katalog stellen wir Ihnen auf dieser Seite unterschiedliche Medien zum Download zur Verf\u00fcgung.\" \/>\n<meta property=\"og:url\" content=\"https:\/\/geli.de\/en\/downloads\/\" \/>\n<meta property=\"og:site_name\" content=\"Geli - Goods for green\" \/>\n<meta property=\"article:publisher\" content=\"https:\/\/www.facebook.com\/GeliGmbH\/\" \/>\n<meta property=\"article:modified_time\" content=\"2022-07-28T13:58:05+00:00\" \/>\n<meta property=\"og:image\" content=\"https:\/\/geli.de\/wp-content\/uploads\/2024\/08\/og-image.jpg\" \/>\n\t<meta property=\"og:image:width\" content=\"1200\" \/>\n\t<meta property=\"og:image:height\" content=\"630\" \/>\n\t<meta property=\"og:image:type\" content=\"image\/jpeg\" \/>\n<meta name=\"twitter:card\" content=\"summary_large_image\" \/>\n<script type=\"application\/ld+json\" class=\"yoast-schema-graph\">{\"@context\":\"https:\\\/\\\/schema.org\",\"@graph\":[{\"@type\":\"WebPage\",\"@id\":\"https:\\\/\\\/geli.de\\\/en\\\/downloads\\\/\",\"url\":\"https:\\\/\\\/geli.de\\\/en\\\/downloads\\\/\",\"name\":\"Downloads &#8226; Geli - Goods for green\",\"isPartOf\":{\"@id\":\"https:\\\/\\\/geli.de\\\/#website\"},\"datePublished\":\"2020-01-16T16:00:31+00:00\",\"dateModified\":\"2022-07-28T13:58:05+00:00\",\"description\":\"Neben unserem Katalog stellen wir Ihnen auf dieser Seite unterschiedliche Medien zum Download zur Verf\u00fcgung.\",\"breadcrumb\":{\"@id\":\"https:\\\/\\\/geli.de\\\/en\\\/downloads\\\/#breadcrumb\"},\"inLanguage\":\"en-US\",\"potentialAction\":[{\"@type\":\"ReadAction\",\"target\":[\"https:\\\/\\\/geli.de\\\/en\\\/downloads\\\/\"]}]},{\"@type\":\"BreadcrumbList\",\"@id\":\"https:\\\/\\\/geli.de\\\/en\\\/downloads\\\/#breadcrumb\",\"itemListElement\":[{\"@type\":\"ListItem\",\"position\":1,\"name\":\"Startseite\",\"item\":\"https:\\\/\\\/geli.de\\\/en\\\/\"},{\"@type\":\"ListItem\",\"position\":2,\"name\":\"Downloads\"}]},{\"@type\":\"WebSite\",\"@id\":\"https:\\\/\\\/geli.de\\\/#website\",\"url\":\"https:\\\/\\\/geli.de\\\/\",\"name\":\"Geli - Goods for green\",\"description\":\"Wir von Geli wissen, was G\u00e4rtner brauchen, ob f\u00fcr Balkon, Terrasse, den Garten oder das gem\u00fctliche Wohnzimmer. F\u00fcr den Garten- und Hausbereich bieten wir eine gro\u00dfe Palette an Kunststoffprodukten aus modernsten Spritzgie\u00df- und Blasverfahren an.\",\"publisher\":{\"@id\":\"https:\\\/\\\/geli.de\\\/#organization\"},\"potentialAction\":[{\"@type\":\"SearchAction\",\"target\":{\"@type\":\"EntryPoint\",\"urlTemplate\":\"https:\\\/\\\/geli.de\\\/?s={search_term_string}\"},\"query-input\":{\"@type\":\"PropertyValueSpecification\",\"valueRequired\":true,\"valueName\":\"search_term_string\"}}],\"inLanguage\":\"en-US\"},{\"@type\":\"Organization\",\"@id\":\"https:\\\/\\\/geli.de\\\/#organization\",\"name\":\"Geli GmbH\",\"url\":\"https:\\\/\\\/geli.de\\\/\",\"logo\":{\"@type\":\"ImageObject\",\"inLanguage\":\"en-US\",\"@id\":\"https:\\\/\\\/geli.de\\\/#\\\/schema\\\/logo\\\/image\\\/\",\"url\":\"https:\\\/\\\/geli.de\\\/wp-content\\\/uploads\\\/2018\\\/03\\\/geli_logo_wb_claim_rgb_140512-01.png\",\"contentUrl\":\"https:\\\/\\\/geli.de\\\/wp-content\\\/uploads\\\/2018\\\/03\\\/geli_logo_wb_claim_rgb_140512-01.png\",\"width\":1406,\"height\":975,\"caption\":\"Geli GmbH\"},\"image\":{\"@id\":\"https:\\\/\\\/geli.de\\\/#\\\/schema\\\/logo\\\/image\\\/\"},\"sameAs\":[\"https:\\\/\\\/www.facebook.com\\\/GeliGmbH\\\/\"]}]}<\/script>\n<!-- \/ Yoast SEO plugin. -->","yoast_head_json":{"title":"Downloads &#8226; Geli - Goods for green","description":"Neben unserem Katalog stellen wir Ihnen auf dieser Seite unterschiedliche Medien zum Download zur Verf\u00fcgung.","robots":{"index":"index","follow":"follow","max-snippet":"max-snippet:-1","max-image-preview":"max-image-preview:large","max-video-preview":"max-video-preview:-1"},"canonical":"https:\/\/geli.de\/en\/downloads\/","og_locale":"en_US","og_type":"article","og_title":"Downloads &#8226; Geli - Goods for green","og_description":"Neben unserem Katalog stellen wir Ihnen auf dieser Seite unterschiedliche Medien zum Download zur Verf\u00fcgung.","og_url":"https:\/\/geli.de\/en\/downloads\/","og_site_name":"Geli - Goods for green","article_publisher":"https:\/\/www.facebook.com\/GeliGmbH\/","article_modified_time":"2022-07-28T13:58:05+00:00","og_image":[{"width":1200,"height":630,"url":"https:\/\/geli.de\/wp-content\/uploads\/2024\/08\/og-image.jpg","type":"image\/jpeg"}],"twitter_card":"summary_large_image","schema":{"@context":"https:\/\/schema.org","@graph":[{"@type":"WebPage","@id":"https:\/\/geli.de\/en\/downloads\/","url":"https:\/\/geli.de\/en\/downloads\/","name":"Downloads &#8226; Geli - Goods for green","isPartOf":{"@id":"https:\/\/geli.de\/#website"},"datePublished":"2020-01-16T16:00:31+00:00","dateModified":"2022-07-28T13:58:05+00:00","description":"Neben unserem Katalog stellen wir Ihnen auf dieser Seite unterschiedliche Medien zum Download zur Verf\u00fcgung.","breadcrumb":{"@id":"https:\/\/geli.de\/en\/downloads\/#breadcrumb"},"inLanguage":"en-US","potentialAction":[{"@type":"ReadAction","target":["https:\/\/geli.de\/en\/downloads\/"]}]},{"@type":"BreadcrumbList","@id":"https:\/\/geli.de\/en\/downloads\/#breadcrumb","itemListElement":[{"@type":"ListItem","position":1,"name":"Startseite","item":"https:\/\/geli.de\/en\/"},{"@type":"ListItem","position":2,"name":"Downloads"}]},{"@type":"WebSite","@id":"https:\/\/geli.de\/#website","url":"https:\/\/geli.de\/","name":"Geli - Goods for green","description":"Wir von Geli wissen, was G\u00e4rtner brauchen, ob f\u00fcr Balkon, Terrasse, den Garten oder das gem\u00fctliche Wohnzimmer. F\u00fcr den Garten- und Hausbereich bieten wir eine gro\u00dfe Palette an Kunststoffprodukten aus modernsten Spritzgie\u00df- und Blasverfahren an.","publisher":{"@id":"https:\/\/geli.de\/#organization"},"potentialAction":[{"@type":"SearchAction","target":{"@type":"EntryPoint","urlTemplate":"https:\/\/geli.de\/?s={search_term_string}"},"query-input":{"@type":"PropertyValueSpecification","valueRequired":true,"valueName":"search_term_string"}}],"inLanguage":"en-US"},{"@type":"Organization","@id":"https:\/\/geli.de\/#organization","name":"Geli GmbH","url":"https:\/\/geli.de\/","logo":{"@type":"ImageObject","inLanguage":"en-US","@id":"https:\/\/geli.de\/#\/schema\/logo\/image\/","url":"https:\/\/geli.de\/wp-content\/uploads\/2018\/03\/geli_logo_wb_claim_rgb_140512-01.png","contentUrl":"https:\/\/geli.de\/wp-content\/uploads\/2018\/03\/geli_logo_wb_claim_rgb_140512-01.png","width":1406,"height":975,"caption":"Geli GmbH"},"image":{"@id":"https:\/\/geli.de\/#\/schema\/logo\/image\/"},"sameAs":["https:\/\/www.facebook.com\/GeliGmbH\/"]}]}},"_links":{"self":[{"href":"https:\/\/geli.de\/en\/wp-json\/wp\/v2\/pages\/12438","targetHints":{"allow":["GET"]}}],"collection":[{"href":"https:\/\/geli.de\/en\/wp-json\/wp\/v2\/pages"}],"about":[{"href":"https:\/\/geli.de\/en\/wp-json\/wp\/v2\/types\/page"}],"author":[{"embeddable":true,"href":"https:\/\/geli.de\/en\/wp-json\/wp\/v2\/users\/1"}],"replies":[{"embeddable":true,"href":"https:\/\/geli.de\/en\/wp-json\/wp\/v2\/comments?post=12438"}],"version-history":[{"count":5,"href":"https:\/\/geli.de\/en\/wp-json\/wp\/v2\/pages\/12438\/revisions"}],"predecessor-version":[{"id":15267,"href":"https:\/\/geli.de\/en\/wp-json\/wp\/v2\/pages\/12438\/revisions\/15267"}],"wp:attachment":[{"href":"https:\/\/geli.de\/en\/wp-json\/wp\/v2\/media?parent=12438"}],"curies":[{"name":"wp","href":"https:\/\/api.w.org\/{rel}","templated":true}]}}