{"id":16510,"date":"2025-02-14T10:18:01","date_gmt":"2025-02-14T09:18:01","guid":{"rendered":"https:\/\/geli.de\/?page_id=16510"},"modified":"2025-10-17T11:08:35","modified_gmt":"2025-10-17T09:08:35","slug":"newcomer-2026","status":"publish","type":"page","link":"https:\/\/geli.de\/en\/newcomer-2026\/","title":{"rendered":"Newcomer"},"content":{"rendered":"","protected":false},"excerpt":{"rendered":"","protected":false},"author":1,"featured_media":0,"parent":0,"menu_order":0,"comment_status":"closed","ping_status":"closed","template":"templates\/template-neuheiten.php","meta":{"_acf_changed":false,"footnotes":""},"class_list":["post-16510","page","type-page","status-publish","hentry"],"acf":[],"yoast_head":"<!-- This site is optimized with the Yoast SEO plugin v27.3 - https:\/\/yoast.com\/product\/yoast-seo-wordpress\/ -->\n<title>Newcomer &#8226; Geli - Goods for green<\/title>\n<meta name=\"description\" content=\"Jedes Jahr erweitern wir unser Sortiment mit stilvollen Neuheiten, die aktuelle Trends aufgreifen und modernes Design mit Funktionalit\u00e4t verbinden. Entdecke unsere neuesten Produkte, die sowohl im Garten als auch im Wohnbereich stilvolle Akzente setzen.\" \/>\n<meta name=\"robots\" content=\"index, follow, max-snippet:-1, max-image-preview:large, max-video-preview:-1\" \/>\n<link rel=\"canonical\" href=\"https:\/\/geli.de\/en\/newcomer-2026\/\" \/>\n<meta property=\"og:locale\" content=\"en_US\" \/>\n<meta property=\"og:type\" content=\"article\" \/>\n<meta property=\"og:title\" content=\"Produktneuheiten 2025\" \/>\n<meta property=\"og:description\" content=\"Jedes Jahr erweitern wir unser Sortiment mit stilvollen Neuheiten, die aktuelle Trends aufgreifen und modernes Design mit Funktionalit\u00e4t verbinden. Entdecke unsere neuesten Produkte, die sowohl im Garten als auch im Wohnbereich stilvolle Akzente setzen.\" \/>\n<meta property=\"og:url\" content=\"https:\/\/geli.de\/en\/newcomer-2026\/\" \/>\n<meta property=\"og:site_name\" content=\"Geli - Goods for green\" \/>\n<meta property=\"article:publisher\" content=\"https:\/\/www.facebook.com\/GeliGmbH\/\" \/>\n<meta property=\"article:modified_time\" content=\"2025-10-17T09:08:35+00:00\" \/>\n<meta property=\"og:image\" content=\"https:\/\/geli.de\/wp-content\/uploads\/2025\/03\/neuheiten-2025.png\" \/>\n\t<meta property=\"og:image:width\" content=\"1200\" \/>\n\t<meta property=\"og:image:height\" content=\"628\" \/>\n\t<meta property=\"og:image:type\" content=\"image\/png\" \/>\n<meta name=\"twitter:card\" content=\"summary_large_image\" \/>\n<script type=\"application\/ld+json\" class=\"yoast-schema-graph\">{\"@context\":\"https:\\\/\\\/schema.org\",\"@graph\":[{\"@type\":\"WebPage\",\"@id\":\"https:\\\/\\\/geli.de\\\/en\\\/newcomer-2026\\\/\",\"url\":\"https:\\\/\\\/geli.de\\\/en\\\/newcomer-2026\\\/\",\"name\":\"Newcomer &#8226; Geli - Goods for green\",\"isPartOf\":{\"@id\":\"https:\\\/\\\/geli.de\\\/#website\"},\"datePublished\":\"2025-02-14T09:18:01+00:00\",\"dateModified\":\"2025-10-17T09:08:35+00:00\",\"description\":\"Jedes Jahr erweitern wir unser Sortiment mit stilvollen Neuheiten, die aktuelle Trends aufgreifen und modernes Design mit Funktionalit\u00e4t verbinden. Entdecke unsere neuesten Produkte, die sowohl im Garten als auch im Wohnbereich stilvolle Akzente setzen.\",\"breadcrumb\":{\"@id\":\"https:\\\/\\\/geli.de\\\/en\\\/newcomer-2026\\\/#breadcrumb\"},\"inLanguage\":\"en-US\",\"potentialAction\":[{\"@type\":\"ReadAction\",\"target\":[\"https:\\\/\\\/geli.de\\\/en\\\/newcomer-2026\\\/\"]}]},{\"@type\":\"BreadcrumbList\",\"@id\":\"https:\\\/\\\/geli.de\\\/en\\\/newcomer-2026\\\/#breadcrumb\",\"itemListElement\":[{\"@type\":\"ListItem\",\"position\":1,\"name\":\"Startseite\",\"item\":\"https:\\\/\\\/geli.de\\\/en\\\/\"},{\"@type\":\"ListItem\",\"position\":2,\"name\":\"Newcomer\"}]},{\"@type\":\"WebSite\",\"@id\":\"https:\\\/\\\/geli.de\\\/#website\",\"url\":\"https:\\\/\\\/geli.de\\\/\",\"name\":\"Geli - Goods for green\",\"description\":\"Wir von Geli wissen, was G\u00e4rtner brauchen, ob f\u00fcr Balkon, Terrasse, den Garten oder das gem\u00fctliche Wohnzimmer. F\u00fcr den Garten- und Hausbereich bieten wir eine gro\u00dfe Palette an Kunststoffprodukten aus modernsten Spritzgie\u00df- und Blasverfahren an.\",\"publisher\":{\"@id\":\"https:\\\/\\\/geli.de\\\/#organization\"},\"potentialAction\":[{\"@type\":\"SearchAction\",\"target\":{\"@type\":\"EntryPoint\",\"urlTemplate\":\"https:\\\/\\\/geli.de\\\/?s={search_term_string}\"},\"query-input\":{\"@type\":\"PropertyValueSpecification\",\"valueRequired\":true,\"valueName\":\"search_term_string\"}}],\"inLanguage\":\"en-US\"},{\"@type\":\"Organization\",\"@id\":\"https:\\\/\\\/geli.de\\\/#organization\",\"name\":\"Geli GmbH\",\"url\":\"https:\\\/\\\/geli.de\\\/\",\"logo\":{\"@type\":\"ImageObject\",\"inLanguage\":\"en-US\",\"@id\":\"https:\\\/\\\/geli.de\\\/#\\\/schema\\\/logo\\\/image\\\/\",\"url\":\"https:\\\/\\\/geli.de\\\/wp-content\\\/uploads\\\/2018\\\/03\\\/geli_logo_wb_claim_rgb_140512-01.png\",\"contentUrl\":\"https:\\\/\\\/geli.de\\\/wp-content\\\/uploads\\\/2018\\\/03\\\/geli_logo_wb_claim_rgb_140512-01.png\",\"width\":1406,\"height\":975,\"caption\":\"Geli GmbH\"},\"image\":{\"@id\":\"https:\\\/\\\/geli.de\\\/#\\\/schema\\\/logo\\\/image\\\/\"},\"sameAs\":[\"https:\\\/\\\/www.facebook.com\\\/GeliGmbH\\\/\"]}]}<\/script>\n<!-- \/ Yoast SEO plugin. -->","yoast_head_json":{"title":"Newcomer &#8226; Geli - Goods for green","description":"Jedes Jahr erweitern wir unser Sortiment mit stilvollen Neuheiten, die aktuelle Trends aufgreifen und modernes Design mit Funktionalit\u00e4t verbinden. Entdecke unsere neuesten Produkte, die sowohl im Garten als auch im Wohnbereich stilvolle Akzente setzen.","robots":{"index":"index","follow":"follow","max-snippet":"max-snippet:-1","max-image-preview":"max-image-preview:large","max-video-preview":"max-video-preview:-1"},"canonical":"https:\/\/geli.de\/en\/newcomer-2026\/","og_locale":"en_US","og_type":"article","og_title":"Produktneuheiten 2025","og_description":"Jedes Jahr erweitern wir unser Sortiment mit stilvollen Neuheiten, die aktuelle Trends aufgreifen und modernes Design mit Funktionalit\u00e4t verbinden. Entdecke unsere neuesten Produkte, die sowohl im Garten als auch im Wohnbereich stilvolle Akzente setzen.","og_url":"https:\/\/geli.de\/en\/newcomer-2026\/","og_site_name":"Geli - Goods for green","article_publisher":"https:\/\/www.facebook.com\/GeliGmbH\/","article_modified_time":"2025-10-17T09:08:35+00:00","og_image":[{"width":1200,"height":628,"url":"https:\/\/geli.de\/wp-content\/uploads\/2025\/03\/neuheiten-2025.png","type":"image\/png"}],"twitter_card":"summary_large_image","schema":{"@context":"https:\/\/schema.org","@graph":[{"@type":"WebPage","@id":"https:\/\/geli.de\/en\/newcomer-2026\/","url":"https:\/\/geli.de\/en\/newcomer-2026\/","name":"Newcomer &#8226; Geli - Goods for green","isPartOf":{"@id":"https:\/\/geli.de\/#website"},"datePublished":"2025-02-14T09:18:01+00:00","dateModified":"2025-10-17T09:08:35+00:00","description":"Jedes Jahr erweitern wir unser Sortiment mit stilvollen Neuheiten, die aktuelle Trends aufgreifen und modernes Design mit Funktionalit\u00e4t verbinden. Entdecke unsere neuesten Produkte, die sowohl im Garten als auch im Wohnbereich stilvolle Akzente setzen.","breadcrumb":{"@id":"https:\/\/geli.de\/en\/newcomer-2026\/#breadcrumb"},"inLanguage":"en-US","potentialAction":[{"@type":"ReadAction","target":["https:\/\/geli.de\/en\/newcomer-2026\/"]}]},{"@type":"BreadcrumbList","@id":"https:\/\/geli.de\/en\/newcomer-2026\/#breadcrumb","itemListElement":[{"@type":"ListItem","position":1,"name":"Startseite","item":"https:\/\/geli.de\/en\/"},{"@type":"ListItem","position":2,"name":"Newcomer"}]},{"@type":"WebSite","@id":"https:\/\/geli.de\/#website","url":"https:\/\/geli.de\/","name":"Geli - Goods for green","description":"Wir von Geli wissen, was G\u00e4rtner brauchen, ob f\u00fcr Balkon, Terrasse, den Garten oder das gem\u00fctliche Wohnzimmer. F\u00fcr den Garten- und Hausbereich bieten wir eine gro\u00dfe Palette an Kunststoffprodukten aus modernsten Spritzgie\u00df- und Blasverfahren an.","publisher":{"@id":"https:\/\/geli.de\/#organization"},"potentialAction":[{"@type":"SearchAction","target":{"@type":"EntryPoint","urlTemplate":"https:\/\/geli.de\/?s={search_term_string}"},"query-input":{"@type":"PropertyValueSpecification","valueRequired":true,"valueName":"search_term_string"}}],"inLanguage":"en-US"},{"@type":"Organization","@id":"https:\/\/geli.de\/#organization","name":"Geli GmbH","url":"https:\/\/geli.de\/","logo":{"@type":"ImageObject","inLanguage":"en-US","@id":"https:\/\/geli.de\/#\/schema\/logo\/image\/","url":"https:\/\/geli.de\/wp-content\/uploads\/2018\/03\/geli_logo_wb_claim_rgb_140512-01.png","contentUrl":"https:\/\/geli.de\/wp-content\/uploads\/2018\/03\/geli_logo_wb_claim_rgb_140512-01.png","width":1406,"height":975,"caption":"Geli GmbH"},"image":{"@id":"https:\/\/geli.de\/#\/schema\/logo\/image\/"},"sameAs":["https:\/\/www.facebook.com\/GeliGmbH\/"]}]}},"_links":{"self":[{"href":"https:\/\/geli.de\/en\/wp-json\/wp\/v2\/pages\/16510","targetHints":{"allow":["GET"]}}],"collection":[{"href":"https:\/\/geli.de\/en\/wp-json\/wp\/v2\/pages"}],"about":[{"href":"https:\/\/geli.de\/en\/wp-json\/wp\/v2\/types\/page"}],"author":[{"embeddable":true,"href":"https:\/\/geli.de\/en\/wp-json\/wp\/v2\/users\/1"}],"replies":[{"embeddable":true,"href":"https:\/\/geli.de\/en\/wp-json\/wp\/v2\/comments?post=16510"}],"version-history":[{"count":8,"href":"https:\/\/geli.de\/en\/wp-json\/wp\/v2\/pages\/16510\/revisions"}],"predecessor-version":[{"id":17678,"href":"https:\/\/geli.de\/en\/wp-json\/wp\/v2\/pages\/16510\/revisions\/17678"}],"wp:attachment":[{"href":"https:\/\/geli.de\/en\/wp-json\/wp\/v2\/media?parent=16510"}],"curies":[{"name":"wp","href":"https:\/\/api.w.org\/{rel}","templated":true}]}}