{"id":17817,"date":"2026-01-14T15:34:35","date_gmt":"2026-01-14T14:34:35","guid":{"rendered":"https:\/\/geli.de\/?page_id=17817"},"modified":"2026-01-14T15:35:23","modified_gmt":"2026-01-14T14:35:23","slug":"declaration-of-accessibility","status":"publish","type":"page","link":"https:\/\/geli.de\/en\/declaration-of-accessibility\/","title":{"rendered":"Declaration of accessibility"},"content":{"rendered":"<p>Geli GmbH strives to make its website accessible in accordance with the Accessibility Strengthening Act (BFSG) and the Regulation on the Accessibility Strengthening Act (BFSGV). This statement applies to <a href=\"geli.de\">geli.de<\/a>.<\/p>\n<p>&nbsp;<\/p>\n<h2>Description of the service<\/h2>\n<p>You can find information about our company and our range of products on our website.<\/p>\n<p>&nbsp;<\/p>\n<h2>How our website fulfills accessibility requirements<\/h2>\n<h3>Status of compatibility with the requirements<\/h3>\n<p>&nbsp;<\/p>\n<p>Our products and services can be found, accessed and used by people with disabilities in the usual way, without particular difficulty and generally without outside help.<\/p>\n<p>&nbsp;<\/p>\n<p>Our website largely complies with the BFSG and BFSGV. However, there are still some barriers on our pages that we are actively working on and intend to remove in the future. The following exceptions and incompatibilities exist:<\/p>\n<p>&nbsp;<\/p>\n<p><b>The following content is not accessible because it is not compatible with the underlying harmonized standard EN 301 549:<\/b><\/p>\n<p>&nbsp;<\/p>\n<ul>\n<li style=\"list-style-position: outside; margin-left: 1em;\">On single pages there are images without captions. It is difficult to navigate to the images with screen readers.<\/li>\n<li style=\"list-style-position: outside; margin-left: 1em;\">There are links without link text on several pages.<\/li>\n<li style=\"list-style-position: outside; margin-left: 1em;\">There are list elements on single pages that are not part of a list.<\/li>\n<li style=\"list-style-position: outside; margin-left: 1em;\">There are form fields without a label on single pages. It is difficult to navigate to the form fields with screen readers.<\/li>\n<li style=\"list-style-position: outside; margin-left: 1em;\">There are invalid aria attribute values on single pages. These are not recognized by screen readers and are therefore not output correctly.<\/li>\n<li style=\"list-style-position: outside; margin-left: 1em;\">On single pages, a parent element lacks the appropriate child elements. This can confuse screen reader users because content is expected but none is there.<\/li>\n<li style=\"list-style-position: outside; margin-left: 1em;\">On single pages, subordinate elements are missing the matching parent element. This can lead to screen readers not displaying the subordinate elements correctly.<\/li>\n<li style=\"list-style-position: outside; margin-left: 1em;\">On single pages there are elements with the Aria-hidden attribute that can be focused at the same time. This makes these elements accessible to assistive technologies, even though they should be hidden.<\/li>\n<\/ul>\n<p><b><br \/>\nThe following content is not accessible because it does not fall within the scope of the applicable legislation:<\/b><\/p>\n<ul>\n<li style=\"list-style-position: outside; margin-left: 1em;\">On a page, the language stored in HTML does not match the page language.<\/li>\n<li style=\"list-style-position: outside; margin-left: 1em;\">On single pages there are headings that have no caption or contain the aria-hidden attribute and are therefore not accessible to screen readers.<\/li>\n<\/ul>\n<p><b><br \/>\nThe following content is not accessible because this would fundamentally change the nature of the service:<\/b><\/p>\n<ul>\n<li style=\"list-style-position: outside; margin-left: 1em;\">On all pages, the contrast between text and background is too low.<\/li>\n<\/ul>\n<p>&nbsp;<\/p>\n<p>This declaration was created on <b>14\/01\/2026<\/b>. The declaration was prepared using the Eye-Able\u00ae technology of <a href=\"https:\/\/eye-able.com\/\">Web Inclusion GmbH<\/a>. Eye-Able Report \u00ae \u2013 a product of Web Inclusion GmbH \u2013 has gone through all machine-verifiable test steps.<br \/>\nThe declaration was last verified on 14\/01\/2026.<\/p>\n<p>You can report any difficulties accessing the content of the website to us:<\/p>\n<p>Geli GmbH<br \/>\nAm Goldbach 1<br \/>\n63755 Alzenau<br \/>\n<a href=\"&#x6d;a&#x69;&#108;t&#x6f;&#58;&#x69;&#110;f&#x6f;&#64;&#x67;&#101;l&#x69;&#46;&#x64;&#x65;\" aria-label=\"Sende eine E-Mail an &#x69;&#x6e;&#102;&#111;&#64;&#x67;&#x65;&#x6c;&#105;&#46;d&#x65;\">&#x69;&#x6e;&#102;o&#x40;&#x67;&#101;&#108;i&#x2e;&#x64;&#101;<\/a><\/p>\n<p>&nbsp;<\/p>\n<h2>Market surveillance<\/h2>\n<p>The contact details of the market surveillance body responsible for us are:<\/p>\n<p>MLBF A\u00f6R<br \/>\nMarkt\u00fcberwachungsstelle der L\u00e4nder f\u00fcr die Barrierefreiheit von Produkten und Dienstleistungen<br \/>\nCarl-Miller-Str. 6<br \/>\n39112 Magdeburg<br \/>\n<a href=\"&#109;&#x61;&#x69;l&#116;&#x6f;:&#77;&#x4c;B&#70;&#x40;m&#115;&#x2e;&#x73;&#97;&#x63;&#x68;s&#101;&#x6e;-\u200b&#97;&#x6e;&#x68;&#97;&#x6c;&#x74;&#46;&#100;&#x65;\" aria-label=\"Sende eine E-Mail an &#x4d;&#x4c;&#66;&#70;&#64;m&#x73;&#x2e;&#x73;&#97;ch&#x73;&#x65;&#x6e;&#45;\u200b&#x61;&#x6e;&#104;&#97;l&#x74;&#x2e;&#x64;&#101;\">&#x4d;&#x4c;&#66;&#70;&#64;&#x6d;&#x73;&#x2e;&#115;&#97;c&#x68;&#x73;&#x65;&#110;&#45;\u200b&#x61;&#110;&#104;a&#x6c;&#x74;&#x2e;&#100;e<\/a><br \/>\nTel.: 0391 567 6970<\/p>\n<p>&nbsp;<\/p>\n<h2>Disclaimer<\/h2>\n<p>The automatic check of the web content was carried out on: 14\/01\/2026. For the web content accessed by Eye-Able, the Google Chrome browser in version 136.0.7103.92 was used. We guarantee the accuracy of the information provided for the tested application version under the specified browser and operating system parameters. If different versions or environments are used, a different display is possible, which may differ from the results given here. For a complete check, manual tests by the website operator are also recommended.<\/p>\n","protected":false},"excerpt":{"rendered":"Geli GmbH strives to make its website accessible in accordance with the Accessibility Strengthening Act (BFSG) and the Regulation on the Accessibility Strengthening Act (BFSGV). This statement applies to geli.de. &nbsp; Description of the service You can find information about our company and our range of products on our website. &nbsp; How our website fulfills&#8230; <a class=\"view-article\" href=\"https:\/\/geli.de\/en\/declaration-of-accessibility\/\">View Article<\/a>","protected":false},"author":1,"featured_media":0,"parent":0,"menu_order":0,"comment_status":"closed","ping_status":"closed","template":"","meta":{"_acf_changed":false,"footnotes":""},"class_list":["post-17817","page","type-page","status-publish","hentry"],"acf":[],"yoast_head":"<!-- This site is optimized with the Yoast SEO plugin v27.3 - https:\/\/yoast.com\/product\/yoast-seo-wordpress\/ -->\n<title>Declaration of accessibility &#8226; Geli - Goods for green<\/title>\n<meta name=\"description\" content=\"Wir von Geli wissen, was G\u00e4rtner brauchen, ob f\u00fcr Balkon, Terrasse, den Garten oder das gem\u00fctliche Wohnzimmer. F\u00fcr den Garten- und Hausbereich bieten wir eine gro\u00dfe Palette an Kunststoffprodukten aus modernsten Spritzgie\u00df- und Blasverfahren an.\" \/>\n<meta name=\"robots\" content=\"index, follow, max-snippet:-1, max-image-preview:large, max-video-preview:-1\" \/>\n<link rel=\"canonical\" href=\"https:\/\/geli.de\/en\/declaration-of-accessibility\/\" \/>\n<meta property=\"og:locale\" content=\"en_US\" \/>\n<meta property=\"og:type\" content=\"article\" \/>\n<meta property=\"og:title\" content=\"Declaration of accessibility &#8226; Geli - Goods for green\" \/>\n<meta property=\"og:description\" content=\"Wir von Geli wissen, was G\u00e4rtner brauchen, ob f\u00fcr Balkon, Terrasse, den Garten oder das gem\u00fctliche Wohnzimmer. F\u00fcr den Garten- und Hausbereich bieten wir eine gro\u00dfe Palette an Kunststoffprodukten aus modernsten Spritzgie\u00df- und Blasverfahren an.\" \/>\n<meta property=\"og:url\" content=\"https:\/\/geli.de\/en\/declaration-of-accessibility\/\" \/>\n<meta property=\"og:site_name\" content=\"Geli - Goods for green\" \/>\n<meta property=\"article:publisher\" content=\"https:\/\/www.facebook.com\/GeliGmbH\/\" \/>\n<meta property=\"article:modified_time\" content=\"2026-01-14T14:35:23+00:00\" \/>\n<meta property=\"og:image\" content=\"https:\/\/geli.de\/wp-content\/uploads\/2024\/08\/og-image.jpg\" \/>\n\t<meta property=\"og:image:width\" content=\"1200\" \/>\n\t<meta property=\"og:image:height\" content=\"630\" \/>\n\t<meta property=\"og:image:type\" content=\"image\/jpeg\" \/>\n<meta name=\"twitter:card\" content=\"summary_large_image\" \/>\n<meta name=\"twitter:label1\" content=\"Est. reading time\" \/>\n\t<meta name=\"twitter:data1\" content=\"4 minutes\" \/>\n<script type=\"application\/ld+json\" class=\"yoast-schema-graph\">{\"@context\":\"https:\\\/\\\/schema.org\",\"@graph\":[{\"@type\":\"WebPage\",\"@id\":\"https:\\\/\\\/geli.de\\\/en\\\/declaration-of-accessibility\\\/\",\"url\":\"https:\\\/\\\/geli.de\\\/en\\\/declaration-of-accessibility\\\/\",\"name\":\"Declaration of accessibility &#8226; Geli - Goods for green\",\"isPartOf\":{\"@id\":\"https:\\\/\\\/geli.de\\\/#website\"},\"datePublished\":\"2026-01-14T14:34:35+00:00\",\"dateModified\":\"2026-01-14T14:35:23+00:00\",\"description\":\"Wir von Geli wissen, was G\u00e4rtner brauchen, ob f\u00fcr Balkon, Terrasse, den Garten oder das gem\u00fctliche Wohnzimmer. F\u00fcr den Garten- und Hausbereich bieten wir eine gro\u00dfe Palette an Kunststoffprodukten aus modernsten Spritzgie\u00df- und Blasverfahren an.\",\"breadcrumb\":{\"@id\":\"https:\\\/\\\/geli.de\\\/en\\\/declaration-of-accessibility\\\/#breadcrumb\"},\"inLanguage\":\"en-US\",\"potentialAction\":[{\"@type\":\"ReadAction\",\"target\":[\"https:\\\/\\\/geli.de\\\/en\\\/declaration-of-accessibility\\\/\"]}]},{\"@type\":\"BreadcrumbList\",\"@id\":\"https:\\\/\\\/geli.de\\\/en\\\/declaration-of-accessibility\\\/#breadcrumb\",\"itemListElement\":[{\"@type\":\"ListItem\",\"position\":1,\"name\":\"Startseite\",\"item\":\"https:\\\/\\\/geli.de\\\/en\\\/\"},{\"@type\":\"ListItem\",\"position\":2,\"name\":\"Declaration of accessibility\"}]},{\"@type\":\"WebSite\",\"@id\":\"https:\\\/\\\/geli.de\\\/#website\",\"url\":\"https:\\\/\\\/geli.de\\\/\",\"name\":\"Geli - Goods for green\",\"description\":\"Wir von Geli wissen, was G\u00e4rtner brauchen, ob f\u00fcr Balkon, Terrasse, den Garten oder das gem\u00fctliche Wohnzimmer. F\u00fcr den Garten- und Hausbereich bieten wir eine gro\u00dfe Palette an Kunststoffprodukten aus modernsten Spritzgie\u00df- und Blasverfahren an.\",\"publisher\":{\"@id\":\"https:\\\/\\\/geli.de\\\/#organization\"},\"potentialAction\":[{\"@type\":\"SearchAction\",\"target\":{\"@type\":\"EntryPoint\",\"urlTemplate\":\"https:\\\/\\\/geli.de\\\/?s={search_term_string}\"},\"query-input\":{\"@type\":\"PropertyValueSpecification\",\"valueRequired\":true,\"valueName\":\"search_term_string\"}}],\"inLanguage\":\"en-US\"},{\"@type\":\"Organization\",\"@id\":\"https:\\\/\\\/geli.de\\\/#organization\",\"name\":\"Geli GmbH\",\"url\":\"https:\\\/\\\/geli.de\\\/\",\"logo\":{\"@type\":\"ImageObject\",\"inLanguage\":\"en-US\",\"@id\":\"https:\\\/\\\/geli.de\\\/#\\\/schema\\\/logo\\\/image\\\/\",\"url\":\"https:\\\/\\\/geli.de\\\/wp-content\\\/uploads\\\/2018\\\/03\\\/geli_logo_wb_claim_rgb_140512-01.png\",\"contentUrl\":\"https:\\\/\\\/geli.de\\\/wp-content\\\/uploads\\\/2018\\\/03\\\/geli_logo_wb_claim_rgb_140512-01.png\",\"width\":1406,\"height\":975,\"caption\":\"Geli GmbH\"},\"image\":{\"@id\":\"https:\\\/\\\/geli.de\\\/#\\\/schema\\\/logo\\\/image\\\/\"},\"sameAs\":[\"https:\\\/\\\/www.facebook.com\\\/GeliGmbH\\\/\"]}]}<\/script>\n<!-- \/ Yoast SEO plugin. -->","yoast_head_json":{"title":"Declaration of accessibility &#8226; Geli - Goods for green","description":"Wir von Geli wissen, was G\u00e4rtner brauchen, ob f\u00fcr Balkon, Terrasse, den Garten oder das gem\u00fctliche Wohnzimmer. F\u00fcr den Garten- und Hausbereich bieten wir eine gro\u00dfe Palette an Kunststoffprodukten aus modernsten Spritzgie\u00df- und Blasverfahren an.","robots":{"index":"index","follow":"follow","max-snippet":"max-snippet:-1","max-image-preview":"max-image-preview:large","max-video-preview":"max-video-preview:-1"},"canonical":"https:\/\/geli.de\/en\/declaration-of-accessibility\/","og_locale":"en_US","og_type":"article","og_title":"Declaration of accessibility &#8226; Geli - Goods for green","og_description":"Wir von Geli wissen, was G\u00e4rtner brauchen, ob f\u00fcr Balkon, Terrasse, den Garten oder das gem\u00fctliche Wohnzimmer. F\u00fcr den Garten- und Hausbereich bieten wir eine gro\u00dfe Palette an Kunststoffprodukten aus modernsten Spritzgie\u00df- und Blasverfahren an.","og_url":"https:\/\/geli.de\/en\/declaration-of-accessibility\/","og_site_name":"Geli - Goods for green","article_publisher":"https:\/\/www.facebook.com\/GeliGmbH\/","article_modified_time":"2026-01-14T14:35:23+00:00","og_image":[{"width":1200,"height":630,"url":"https:\/\/geli.de\/wp-content\/uploads\/2024\/08\/og-image.jpg","type":"image\/jpeg"}],"twitter_card":"summary_large_image","twitter_misc":{"Est. reading time":"4 minutes"},"schema":{"@context":"https:\/\/schema.org","@graph":[{"@type":"WebPage","@id":"https:\/\/geli.de\/en\/declaration-of-accessibility\/","url":"https:\/\/geli.de\/en\/declaration-of-accessibility\/","name":"Declaration of accessibility &#8226; Geli - Goods for green","isPartOf":{"@id":"https:\/\/geli.de\/#website"},"datePublished":"2026-01-14T14:34:35+00:00","dateModified":"2026-01-14T14:35:23+00:00","description":"Wir von Geli wissen, was G\u00e4rtner brauchen, ob f\u00fcr Balkon, Terrasse, den Garten oder das gem\u00fctliche Wohnzimmer. F\u00fcr den Garten- und Hausbereich bieten wir eine gro\u00dfe Palette an Kunststoffprodukten aus modernsten Spritzgie\u00df- und Blasverfahren an.","breadcrumb":{"@id":"https:\/\/geli.de\/en\/declaration-of-accessibility\/#breadcrumb"},"inLanguage":"en-US","potentialAction":[{"@type":"ReadAction","target":["https:\/\/geli.de\/en\/declaration-of-accessibility\/"]}]},{"@type":"BreadcrumbList","@id":"https:\/\/geli.de\/en\/declaration-of-accessibility\/#breadcrumb","itemListElement":[{"@type":"ListItem","position":1,"name":"Startseite","item":"https:\/\/geli.de\/en\/"},{"@type":"ListItem","position":2,"name":"Declaration of accessibility"}]},{"@type":"WebSite","@id":"https:\/\/geli.de\/#website","url":"https:\/\/geli.de\/","name":"Geli - Goods for green","description":"Wir von Geli wissen, was G\u00e4rtner brauchen, ob f\u00fcr Balkon, Terrasse, den Garten oder das gem\u00fctliche Wohnzimmer. F\u00fcr den Garten- und Hausbereich bieten wir eine gro\u00dfe Palette an Kunststoffprodukten aus modernsten Spritzgie\u00df- und Blasverfahren an.","publisher":{"@id":"https:\/\/geli.de\/#organization"},"potentialAction":[{"@type":"SearchAction","target":{"@type":"EntryPoint","urlTemplate":"https:\/\/geli.de\/?s={search_term_string}"},"query-input":{"@type":"PropertyValueSpecification","valueRequired":true,"valueName":"search_term_string"}}],"inLanguage":"en-US"},{"@type":"Organization","@id":"https:\/\/geli.de\/#organization","name":"Geli GmbH","url":"https:\/\/geli.de\/","logo":{"@type":"ImageObject","inLanguage":"en-US","@id":"https:\/\/geli.de\/#\/schema\/logo\/image\/","url":"https:\/\/geli.de\/wp-content\/uploads\/2018\/03\/geli_logo_wb_claim_rgb_140512-01.png","contentUrl":"https:\/\/geli.de\/wp-content\/uploads\/2018\/03\/geli_logo_wb_claim_rgb_140512-01.png","width":1406,"height":975,"caption":"Geli GmbH"},"image":{"@id":"https:\/\/geli.de\/#\/schema\/logo\/image\/"},"sameAs":["https:\/\/www.facebook.com\/GeliGmbH\/"]}]}},"_links":{"self":[{"href":"https:\/\/geli.de\/en\/wp-json\/wp\/v2\/pages\/17817","targetHints":{"allow":["GET"]}}],"collection":[{"href":"https:\/\/geli.de\/en\/wp-json\/wp\/v2\/pages"}],"about":[{"href":"https:\/\/geli.de\/en\/wp-json\/wp\/v2\/types\/page"}],"author":[{"embeddable":true,"href":"https:\/\/geli.de\/en\/wp-json\/wp\/v2\/users\/1"}],"replies":[{"embeddable":true,"href":"https:\/\/geli.de\/en\/wp-json\/wp\/v2\/comments?post=17817"}],"version-history":[{"count":3,"href":"https:\/\/geli.de\/en\/wp-json\/wp\/v2\/pages\/17817\/revisions"}],"predecessor-version":[{"id":17820,"href":"https:\/\/geli.de\/en\/wp-json\/wp\/v2\/pages\/17817\/revisions\/17820"}],"wp:attachment":[{"href":"https:\/\/geli.de\/en\/wp-json\/wp\/v2\/media?parent=17817"}],"curies":[{"name":"wp","href":"https:\/\/api.w.org\/{rel}","templated":true}]}}