{"id":11815,"date":"2019-08-14T11:35:56","date_gmt":"2019-08-14T09:39:53","guid":{"rendered":"https:\/\/geli.de\/?post_type=product&#038;p=11815"},"modified":"2025-03-18T13:19:26","modified_gmt":"2025-03-18T12:19:26","slug":"aqua-palido","status":"publish","type":"product","link":"https:\/\/geli.de\/en\/produkte\/aqua-palido\/","title":{"rendered":"Aqua Palido"},"content":{"rendered":"<ul>\n<li>Large water storage<\/li>\n<li>Water supply via earth-filled cones<\/li>\n<li>Filler pipe with water level indicator<\/li>\n<li>Overflow openings in the water reservoir (excess water \u2013 caused by rain or watering too much \u2013 can drain, preventing the soil from becoming too wet)<\/li>\n<li>False floor can be removed easily for cleaning<\/li>\n<li>All parts are connected with a click system<\/li>\n<li>Matching brackets also available (sold separately)<\/li>\n<\/ul>\n","protected":false},"excerpt":{"rendered":"Large water storage Water supply via earth-filled cones Filler pipe with water level indicator Overflow openings in the water reservoir (excess water \u2013 caused by rain or watering too much \u2013 can drain, preventing the soil from becoming too wet) False floor can be removed easily for cleaning All parts are connected with a click&#8230; <a class=\"view-article\" href=\"https:\/\/geli.de\/en\/produkte\/aqua-palido\/\">View Article<\/a>","protected":false},"featured_media":14478,"template":"","meta":{"_acf_changed":false},"product_brand":[],"product_cat":[563,570],"product_tag":[],"class_list":{"0":"post-11815","1":"product","2":"type-product","3":"status-publish","4":"has-post-thumbnail","6":"product_cat-outdoor-en","7":"product_cat-self-watering-flower-boxes","9":"first","10":"instock","11":"shipping-taxable","12":"product-type-variable","13":"has-default-attributes"},"acf":[],"yoast_head":"<!-- This site is optimized with the Yoast SEO plugin v27.6 - https:\/\/yoast.com\/product\/yoast-seo-wordpress\/ -->\n<title>Aqua Palido &#8226; Geli - Goods for green<\/title>\n<meta name=\"description\" content=\"Wir von Geli wissen, was G\u00e4rtner brauchen, ob f\u00fcr Balkon, Terrasse, den Garten oder das gem\u00fctliche Wohnzimmer. F\u00fcr den Garten- und Hausbereich bieten wir eine gro\u00dfe Palette an Kunststoffprodukten aus modernsten Spritzgie\u00df- und Blasverfahren an.\" \/>\n<meta name=\"robots\" content=\"index, follow, max-snippet:-1, max-image-preview:large, max-video-preview:-1\" \/>\n<link rel=\"canonical\" href=\"https:\/\/geli.de\/en\/produkte\/aqua-palido\/\" \/>\n<meta property=\"og:locale\" content=\"en_US\" \/>\n<meta property=\"og:type\" content=\"article\" \/>\n<meta property=\"og:title\" content=\"Aqua Palido &#8226; Geli - Goods for green\" \/>\n<meta property=\"og:description\" content=\"Wir von Geli wissen, was G\u00e4rtner brauchen, ob f\u00fcr Balkon, Terrasse, den Garten oder das gem\u00fctliche Wohnzimmer. F\u00fcr den Garten- und Hausbereich bieten wir eine gro\u00dfe Palette an Kunststoffprodukten aus modernsten Spritzgie\u00df- und Blasverfahren an.\" \/>\n<meta property=\"og:url\" content=\"https:\/\/geli.de\/en\/produkte\/aqua-palido\/\" \/>\n<meta property=\"og:site_name\" content=\"Geli - Goods for green\" \/>\n<meta property=\"article:publisher\" content=\"https:\/\/www.facebook.com\/GeliGmbH\/\" \/>\n<meta property=\"article:modified_time\" content=\"2025-03-18T12:19:26+00:00\" \/>\n<meta property=\"og:image\" content=\"https:\/\/geli.de\/wp-content\/uploads\/2021\/06\/83105086.png\" \/>\n\t<meta property=\"og:image:width\" content=\"2000\" \/>\n\t<meta property=\"og:image:height\" content=\"1410\" \/>\n\t<meta property=\"og:image:type\" content=\"image\/png\" \/>\n<meta name=\"twitter:card\" content=\"summary_large_image\" \/>\n<meta name=\"twitter:label1\" content=\"Est. reading time\" \/>\n\t<meta name=\"twitter:data1\" content=\"1 minute\" \/>\n<script type=\"application\/ld+json\" class=\"yoast-schema-graph\">{\"@context\":\"https:\\\/\\\/schema.org\",\"@graph\":[{\"@type\":\"WebPage\",\"@id\":\"https:\\\/\\\/geli.de\\\/en\\\/produkte\\\/aqua-palido\\\/\",\"url\":\"https:\\\/\\\/geli.de\\\/en\\\/produkte\\\/aqua-palido\\\/\",\"name\":\"Aqua Palido &#8226; Geli - Goods for green\",\"isPartOf\":{\"@id\":\"https:\\\/\\\/geli.de\\\/#website\"},\"primaryImageOfPage\":{\"@id\":\"https:\\\/\\\/geli.de\\\/en\\\/produkte\\\/aqua-palido\\\/#primaryimage\"},\"image\":{\"@id\":\"https:\\\/\\\/geli.de\\\/en\\\/produkte\\\/aqua-palido\\\/#primaryimage\"},\"thumbnailUrl\":\"https:\\\/\\\/geli.de\\\/wp-content\\\/uploads\\\/2021\\\/06\\\/83105086.png\",\"datePublished\":\"2019-08-14T09:39:53+00:00\",\"dateModified\":\"2025-03-18T12:19:26+00:00\",\"description\":\"Wir von Geli wissen, was G\u00e4rtner brauchen, ob f\u00fcr Balkon, Terrasse, den Garten oder das gem\u00fctliche Wohnzimmer. F\u00fcr den Garten- und Hausbereich bieten wir eine gro\u00dfe Palette an Kunststoffprodukten aus modernsten Spritzgie\u00df- und Blasverfahren an.\",\"breadcrumb\":{\"@id\":\"https:\\\/\\\/geli.de\\\/en\\\/produkte\\\/aqua-palido\\\/#breadcrumb\"},\"inLanguage\":\"en-US\",\"potentialAction\":[{\"@type\":\"ReadAction\",\"target\":[\"https:\\\/\\\/geli.de\\\/en\\\/produkte\\\/aqua-palido\\\/\"]}]},{\"@type\":\"ImageObject\",\"inLanguage\":\"en-US\",\"@id\":\"https:\\\/\\\/geli.de\\\/en\\\/produkte\\\/aqua-palido\\\/#primaryimage\",\"url\":\"https:\\\/\\\/geli.de\\\/wp-content\\\/uploads\\\/2021\\\/06\\\/83105086.png\",\"contentUrl\":\"https:\\\/\\\/geli.de\\\/wp-content\\\/uploads\\\/2021\\\/06\\\/83105086.png\",\"width\":2000,\"height\":1410},{\"@type\":\"BreadcrumbList\",\"@id\":\"https:\\\/\\\/geli.de\\\/en\\\/produkte\\\/aqua-palido\\\/#breadcrumb\",\"itemListElement\":[{\"@type\":\"ListItem\",\"position\":1,\"name\":\"Startseite\",\"item\":\"https:\\\/\\\/geli.de\\\/en\\\/\"},{\"@type\":\"ListItem\",\"position\":2,\"name\":\"Products\",\"item\":\"https:\\\/\\\/geli.de\\\/en\\\/produkte\\\/\"},{\"@type\":\"ListItem\",\"position\":3,\"name\":\"Aqua Palido\"}]},{\"@type\":\"WebSite\",\"@id\":\"https:\\\/\\\/geli.de\\\/#website\",\"url\":\"https:\\\/\\\/geli.de\\\/\",\"name\":\"Geli - Goods for green\",\"description\":\"Wir von Geli wissen, was G\u00e4rtner brauchen, ob f\u00fcr Balkon, Terrasse, den Garten oder das gem\u00fctliche Wohnzimmer. F\u00fcr den Garten- und Hausbereich bieten wir eine gro\u00dfe Palette an Kunststoffprodukten aus modernsten Spritzgie\u00df- und Blasverfahren an.\",\"publisher\":{\"@id\":\"https:\\\/\\\/geli.de\\\/#organization\"},\"potentialAction\":[{\"@type\":\"SearchAction\",\"target\":{\"@type\":\"EntryPoint\",\"urlTemplate\":\"https:\\\/\\\/geli.de\\\/?s={search_term_string}\"},\"query-input\":{\"@type\":\"PropertyValueSpecification\",\"valueRequired\":true,\"valueName\":\"search_term_string\"}}],\"inLanguage\":\"en-US\"},{\"@type\":\"Organization\",\"@id\":\"https:\\\/\\\/geli.de\\\/#organization\",\"name\":\"Geli GmbH\",\"url\":\"https:\\\/\\\/geli.de\\\/\",\"logo\":{\"@type\":\"ImageObject\",\"inLanguage\":\"en-US\",\"@id\":\"https:\\\/\\\/geli.de\\\/#\\\/schema\\\/logo\\\/image\\\/\",\"url\":\"https:\\\/\\\/geli.de\\\/wp-content\\\/uploads\\\/2018\\\/03\\\/geli_logo_wb_claim_rgb_140512-01.png\",\"contentUrl\":\"https:\\\/\\\/geli.de\\\/wp-content\\\/uploads\\\/2018\\\/03\\\/geli_logo_wb_claim_rgb_140512-01.png\",\"width\":1406,\"height\":975,\"caption\":\"Geli GmbH\"},\"image\":{\"@id\":\"https:\\\/\\\/geli.de\\\/#\\\/schema\\\/logo\\\/image\\\/\"},\"sameAs\":[\"https:\\\/\\\/www.facebook.com\\\/GeliGmbH\\\/\"]}]}<\/script>\n<!-- \/ Yoast SEO plugin. -->","yoast_head_json":{"title":"Aqua Palido &#8226; Geli - Goods for green","description":"Wir von Geli wissen, was G\u00e4rtner brauchen, ob f\u00fcr Balkon, Terrasse, den Garten oder das gem\u00fctliche Wohnzimmer. F\u00fcr den Garten- und Hausbereich bieten wir eine gro\u00dfe Palette an Kunststoffprodukten aus modernsten Spritzgie\u00df- und Blasverfahren an.","robots":{"index":"index","follow":"follow","max-snippet":"max-snippet:-1","max-image-preview":"max-image-preview:large","max-video-preview":"max-video-preview:-1"},"canonical":"https:\/\/geli.de\/en\/produkte\/aqua-palido\/","og_locale":"en_US","og_type":"article","og_title":"Aqua Palido &#8226; Geli - Goods for green","og_description":"Wir von Geli wissen, was G\u00e4rtner brauchen, ob f\u00fcr Balkon, Terrasse, den Garten oder das gem\u00fctliche Wohnzimmer. F\u00fcr den Garten- und Hausbereich bieten wir eine gro\u00dfe Palette an Kunststoffprodukten aus modernsten Spritzgie\u00df- und Blasverfahren an.","og_url":"https:\/\/geli.de\/en\/produkte\/aqua-palido\/","og_site_name":"Geli - Goods for green","article_publisher":"https:\/\/www.facebook.com\/GeliGmbH\/","article_modified_time":"2025-03-18T12:19:26+00:00","og_image":[{"width":2000,"height":1410,"url":"https:\/\/geli.de\/wp-content\/uploads\/2021\/06\/83105086.png","type":"image\/png"}],"twitter_card":"summary_large_image","twitter_misc":{"Est. reading time":"1 minute"},"schema":{"@context":"https:\/\/schema.org","@graph":[{"@type":"WebPage","@id":"https:\/\/geli.de\/en\/produkte\/aqua-palido\/","url":"https:\/\/geli.de\/en\/produkte\/aqua-palido\/","name":"Aqua Palido &#8226; Geli - Goods for green","isPartOf":{"@id":"https:\/\/geli.de\/#website"},"primaryImageOfPage":{"@id":"https:\/\/geli.de\/en\/produkte\/aqua-palido\/#primaryimage"},"image":{"@id":"https:\/\/geli.de\/en\/produkte\/aqua-palido\/#primaryimage"},"thumbnailUrl":"https:\/\/geli.de\/wp-content\/uploads\/2021\/06\/83105086.png","datePublished":"2019-08-14T09:39:53+00:00","dateModified":"2025-03-18T12:19:26+00:00","description":"Wir von Geli wissen, was G\u00e4rtner brauchen, ob f\u00fcr Balkon, Terrasse, den Garten oder das gem\u00fctliche Wohnzimmer. F\u00fcr den Garten- und Hausbereich bieten wir eine gro\u00dfe Palette an Kunststoffprodukten aus modernsten Spritzgie\u00df- und Blasverfahren an.","breadcrumb":{"@id":"https:\/\/geli.de\/en\/produkte\/aqua-palido\/#breadcrumb"},"inLanguage":"en-US","potentialAction":[{"@type":"ReadAction","target":["https:\/\/geli.de\/en\/produkte\/aqua-palido\/"]}]},{"@type":"ImageObject","inLanguage":"en-US","@id":"https:\/\/geli.de\/en\/produkte\/aqua-palido\/#primaryimage","url":"https:\/\/geli.de\/wp-content\/uploads\/2021\/06\/83105086.png","contentUrl":"https:\/\/geli.de\/wp-content\/uploads\/2021\/06\/83105086.png","width":2000,"height":1410},{"@type":"BreadcrumbList","@id":"https:\/\/geli.de\/en\/produkte\/aqua-palido\/#breadcrumb","itemListElement":[{"@type":"ListItem","position":1,"name":"Startseite","item":"https:\/\/geli.de\/en\/"},{"@type":"ListItem","position":2,"name":"Products","item":"https:\/\/geli.de\/en\/produkte\/"},{"@type":"ListItem","position":3,"name":"Aqua Palido"}]},{"@type":"WebSite","@id":"https:\/\/geli.de\/#website","url":"https:\/\/geli.de\/","name":"Geli - Goods for green","description":"Wir von Geli wissen, was G\u00e4rtner brauchen, ob f\u00fcr Balkon, Terrasse, den Garten oder das gem\u00fctliche Wohnzimmer. F\u00fcr den Garten- und Hausbereich bieten wir eine gro\u00dfe Palette an Kunststoffprodukten aus modernsten Spritzgie\u00df- und Blasverfahren an.","publisher":{"@id":"https:\/\/geli.de\/#organization"},"potentialAction":[{"@type":"SearchAction","target":{"@type":"EntryPoint","urlTemplate":"https:\/\/geli.de\/?s={search_term_string}"},"query-input":{"@type":"PropertyValueSpecification","valueRequired":true,"valueName":"search_term_string"}}],"inLanguage":"en-US"},{"@type":"Organization","@id":"https:\/\/geli.de\/#organization","name":"Geli GmbH","url":"https:\/\/geli.de\/","logo":{"@type":"ImageObject","inLanguage":"en-US","@id":"https:\/\/geli.de\/#\/schema\/logo\/image\/","url":"https:\/\/geli.de\/wp-content\/uploads\/2018\/03\/geli_logo_wb_claim_rgb_140512-01.png","contentUrl":"https:\/\/geli.de\/wp-content\/uploads\/2018\/03\/geli_logo_wb_claim_rgb_140512-01.png","width":1406,"height":975,"caption":"Geli GmbH"},"image":{"@id":"https:\/\/geli.de\/#\/schema\/logo\/image\/"},"sameAs":["https:\/\/www.facebook.com\/GeliGmbH\/"]}]}},"_links":{"self":[{"href":"https:\/\/geli.de\/en\/wp-json\/wp\/v2\/product\/11815","targetHints":{"allow":["GET"]}}],"collection":[{"href":"https:\/\/geli.de\/en\/wp-json\/wp\/v2\/product"}],"about":[{"href":"https:\/\/geli.de\/en\/wp-json\/wp\/v2\/types\/product"}],"wp:featuredmedia":[{"embeddable":true,"href":"https:\/\/geli.de\/en\/wp-json\/wp\/v2\/media\/14478"}],"wp:attachment":[{"href":"https:\/\/geli.de\/en\/wp-json\/wp\/v2\/media?parent=11815"}],"wp:term":[{"taxonomy":"product_brand","embeddable":true,"href":"https:\/\/geli.de\/en\/wp-json\/wp\/v2\/product_brand?post=11815"},{"taxonomy":"product_cat","embeddable":true,"href":"https:\/\/geli.de\/en\/wp-json\/wp\/v2\/product_cat?post=11815"},{"taxonomy":"product_tag","embeddable":true,"href":"https:\/\/geli.de\/en\/wp-json\/wp\/v2\/product_tag?post=11815"}],"curies":[{"name":"wp","href":"https:\/\/api.w.org\/{rel}","templated":true}]}}