{"id":12979,"date":"2020-07-08T09:30:23","date_gmt":"2020-08-19T09:57:35","guid":{"rendered":"https:\/\/geli.de\/?post_type=product&#038;p=12979"},"modified":"2025-03-18T13:48:10","modified_gmt":"2025-03-18T12:48:10","slug":"conny","status":"publish","type":"product","link":"https:\/\/geli.de\/en\/produkte\/conny\/","title":{"rendered":"Conny"},"content":{"rendered":"<h4><strong>One planter, lots of options!<\/strong><\/h4>\n<ol>\n<li><strong>Horizontal mounting: <\/strong>The band provided allows you to attach the Conny to the railing (max. \u00d8 10 cm) horizontally.<\/li>\n<li><strong>Vertical mounting:<\/strong> Conny cuts a fine figure even when attached vertically (downpipes, max. \u00d8 10 cm)\u00a0thanks to the flexibility provided by the included band.<\/li>\n<li><strong>Wall mounting:<\/strong> The flowerpot can be attached to the wall with a screw (not included in delivery). Practical: A click mechanism allows it to be removed for watering.<\/li>\n<\/ol>\n<div class=\"mceTemp\"><\/div>\n<p>&nbsp;<\/p>\n<p>&nbsp;<\/p>\n","protected":false},"excerpt":{"rendered":"One planter, lots of options! Horizontal mounting: The band provided allows you to attach the Conny to the railing (max. \u00d8 10 cm) horizontally. Vertical mounting: Conny cuts a fine figure even when attached vertically (downpipes, max. \u00d8 10 cm)\u00a0thanks to the flexibility provided by the included band. Wall mounting: The flowerpot can be attached&#8230; <a class=\"view-article\" href=\"https:\/\/geli.de\/en\/produkte\/conny\/\">View Article<\/a>","protected":false},"featured_media":13072,"template":"","meta":{"_acf_changed":false},"product_brand":[],"product_cat":[913,563,846,583],"product_tag":[],"class_list":{"0":"post-12979","1":"product","2":"type-product","3":"status-publish","4":"has-post-thumbnail","6":"product_cat-recycled-plastics-en","7":"product_cat-outdoor-en","8":"product_cat-urban-gardening-en","9":"product_cat-railing-planters","11":"first","12":"instock","13":"shipping-taxable","14":"product-type-variable","15":"has-default-attributes"},"acf":[],"yoast_head":"<!-- This site is optimized with the Yoast SEO plugin v27.6 - https:\/\/yoast.com\/product\/yoast-seo-wordpress\/ -->\n<title>Conny &#8226; Geli - Goods for green<\/title>\n<meta name=\"description\" content=\"Wir von Geli wissen, was G\u00e4rtner brauchen, ob f\u00fcr Balkon, Terrasse, den Garten oder das gem\u00fctliche Wohnzimmer. F\u00fcr den Garten- und Hausbereich bieten wir eine gro\u00dfe Palette an Kunststoffprodukten aus modernsten Spritzgie\u00df- und Blasverfahren an.\" \/>\n<meta name=\"robots\" content=\"index, follow, max-snippet:-1, max-image-preview:large, max-video-preview:-1\" \/>\n<link rel=\"canonical\" href=\"https:\/\/geli.de\/en\/produkte\/conny\/\" \/>\n<meta property=\"og:locale\" content=\"en_US\" \/>\n<meta property=\"og:type\" content=\"article\" \/>\n<meta property=\"og:title\" content=\"Conny &#8226; Geli - Goods for green\" \/>\n<meta property=\"og:description\" content=\"Wir von Geli wissen, was G\u00e4rtner brauchen, ob f\u00fcr Balkon, Terrasse, den Garten oder das gem\u00fctliche Wohnzimmer. F\u00fcr den Garten- und Hausbereich bieten wir eine gro\u00dfe Palette an Kunststoffprodukten aus modernsten Spritzgie\u00df- und Blasverfahren an.\" \/>\n<meta property=\"og:url\" content=\"https:\/\/geli.de\/en\/produkte\/conny\/\" \/>\n<meta property=\"og:site_name\" content=\"Geli - Goods for green\" \/>\n<meta property=\"article:publisher\" content=\"https:\/\/www.facebook.com\/GeliGmbH\/\" \/>\n<meta property=\"article:modified_time\" content=\"2025-03-18T12:48:10+00:00\" \/>\n<meta property=\"og:image\" content=\"https:\/\/geli.de\/wp-content\/uploads\/2020\/09\/32001659_band-700x681.png\" \/>\n\t<meta property=\"og:image:width\" content=\"700\" \/>\n\t<meta property=\"og:image:height\" content=\"681\" \/>\n\t<meta property=\"og:image:type\" content=\"image\/png\" \/>\n<meta name=\"twitter:card\" content=\"summary_large_image\" \/>\n<meta name=\"twitter:label1\" content=\"Est. reading time\" \/>\n\t<meta name=\"twitter:data1\" content=\"1 minute\" \/>\n<script type=\"application\/ld+json\" class=\"yoast-schema-graph\">{\"@context\":\"https:\\\/\\\/schema.org\",\"@graph\":[{\"@type\":\"WebPage\",\"@id\":\"https:\\\/\\\/geli.de\\\/en\\\/produkte\\\/conny\\\/\",\"url\":\"https:\\\/\\\/geli.de\\\/en\\\/produkte\\\/conny\\\/\",\"name\":\"Conny &#8226; Geli - Goods for green\",\"isPartOf\":{\"@id\":\"https:\\\/\\\/geli.de\\\/#website\"},\"primaryImageOfPage\":{\"@id\":\"https:\\\/\\\/geli.de\\\/en\\\/produkte\\\/conny\\\/#primaryimage\"},\"image\":{\"@id\":\"https:\\\/\\\/geli.de\\\/en\\\/produkte\\\/conny\\\/#primaryimage\"},\"thumbnailUrl\":\"https:\\\/\\\/geli.de\\\/wp-content\\\/uploads\\\/2020\\\/09\\\/32001659_band.png\",\"datePublished\":\"2020-08-19T09:57:35+00:00\",\"dateModified\":\"2025-03-18T12:48:10+00:00\",\"description\":\"Wir von Geli wissen, was G\u00e4rtner brauchen, ob f\u00fcr Balkon, Terrasse, den Garten oder das gem\u00fctliche Wohnzimmer. F\u00fcr den Garten- und Hausbereich bieten wir eine gro\u00dfe Palette an Kunststoffprodukten aus modernsten Spritzgie\u00df- und Blasverfahren an.\",\"breadcrumb\":{\"@id\":\"https:\\\/\\\/geli.de\\\/en\\\/produkte\\\/conny\\\/#breadcrumb\"},\"inLanguage\":\"en-US\",\"potentialAction\":[{\"@type\":\"ReadAction\",\"target\":[\"https:\\\/\\\/geli.de\\\/en\\\/produkte\\\/conny\\\/\"]}]},{\"@type\":\"ImageObject\",\"inLanguage\":\"en-US\",\"@id\":\"https:\\\/\\\/geli.de\\\/en\\\/produkte\\\/conny\\\/#primaryimage\",\"url\":\"https:\\\/\\\/geli.de\\\/wp-content\\\/uploads\\\/2020\\\/09\\\/32001659_band.png\",\"contentUrl\":\"https:\\\/\\\/geli.de\\\/wp-content\\\/uploads\\\/2020\\\/09\\\/32001659_band.png\",\"width\":1485,\"height\":1444},{\"@type\":\"BreadcrumbList\",\"@id\":\"https:\\\/\\\/geli.de\\\/en\\\/produkte\\\/conny\\\/#breadcrumb\",\"itemListElement\":[{\"@type\":\"ListItem\",\"position\":1,\"name\":\"Startseite\",\"item\":\"https:\\\/\\\/geli.de\\\/en\\\/\"},{\"@type\":\"ListItem\",\"position\":2,\"name\":\"Products\",\"item\":\"https:\\\/\\\/geli.de\\\/en\\\/produkte\\\/\"},{\"@type\":\"ListItem\",\"position\":3,\"name\":\"Conny\"}]},{\"@type\":\"WebSite\",\"@id\":\"https:\\\/\\\/geli.de\\\/#website\",\"url\":\"https:\\\/\\\/geli.de\\\/\",\"name\":\"Geli - Goods for green\",\"description\":\"Wir von Geli wissen, was G\u00e4rtner brauchen, ob f\u00fcr Balkon, Terrasse, den Garten oder das gem\u00fctliche Wohnzimmer. F\u00fcr den Garten- und Hausbereich bieten wir eine gro\u00dfe Palette an Kunststoffprodukten aus modernsten Spritzgie\u00df- und Blasverfahren an.\",\"publisher\":{\"@id\":\"https:\\\/\\\/geli.de\\\/#organization\"},\"potentialAction\":[{\"@type\":\"SearchAction\",\"target\":{\"@type\":\"EntryPoint\",\"urlTemplate\":\"https:\\\/\\\/geli.de\\\/?s={search_term_string}\"},\"query-input\":{\"@type\":\"PropertyValueSpecification\",\"valueRequired\":true,\"valueName\":\"search_term_string\"}}],\"inLanguage\":\"en-US\"},{\"@type\":\"Organization\",\"@id\":\"https:\\\/\\\/geli.de\\\/#organization\",\"name\":\"Geli GmbH\",\"url\":\"https:\\\/\\\/geli.de\\\/\",\"logo\":{\"@type\":\"ImageObject\",\"inLanguage\":\"en-US\",\"@id\":\"https:\\\/\\\/geli.de\\\/#\\\/schema\\\/logo\\\/image\\\/\",\"url\":\"https:\\\/\\\/geli.de\\\/wp-content\\\/uploads\\\/2018\\\/03\\\/geli_logo_wb_claim_rgb_140512-01.png\",\"contentUrl\":\"https:\\\/\\\/geli.de\\\/wp-content\\\/uploads\\\/2018\\\/03\\\/geli_logo_wb_claim_rgb_140512-01.png\",\"width\":1406,\"height\":975,\"caption\":\"Geli GmbH\"},\"image\":{\"@id\":\"https:\\\/\\\/geli.de\\\/#\\\/schema\\\/logo\\\/image\\\/\"},\"sameAs\":[\"https:\\\/\\\/www.facebook.com\\\/GeliGmbH\\\/\"]}]}<\/script>\n<!-- \/ Yoast SEO plugin. -->","yoast_head_json":{"title":"Conny &#8226; Geli - Goods for green","description":"Wir von Geli wissen, was G\u00e4rtner brauchen, ob f\u00fcr Balkon, Terrasse, den Garten oder das gem\u00fctliche Wohnzimmer. F\u00fcr den Garten- und Hausbereich bieten wir eine gro\u00dfe Palette an Kunststoffprodukten aus modernsten Spritzgie\u00df- und Blasverfahren an.","robots":{"index":"index","follow":"follow","max-snippet":"max-snippet:-1","max-image-preview":"max-image-preview:large","max-video-preview":"max-video-preview:-1"},"canonical":"https:\/\/geli.de\/en\/produkte\/conny\/","og_locale":"en_US","og_type":"article","og_title":"Conny &#8226; Geli - Goods for green","og_description":"Wir von Geli wissen, was G\u00e4rtner brauchen, ob f\u00fcr Balkon, Terrasse, den Garten oder das gem\u00fctliche Wohnzimmer. F\u00fcr den Garten- und Hausbereich bieten wir eine gro\u00dfe Palette an Kunststoffprodukten aus modernsten Spritzgie\u00df- und Blasverfahren an.","og_url":"https:\/\/geli.de\/en\/produkte\/conny\/","og_site_name":"Geli - Goods for green","article_publisher":"https:\/\/www.facebook.com\/GeliGmbH\/","article_modified_time":"2025-03-18T12:48:10+00:00","og_image":[{"width":700,"height":681,"url":"https:\/\/geli.de\/wp-content\/uploads\/2020\/09\/32001659_band-700x681.png","type":"image\/png"}],"twitter_card":"summary_large_image","twitter_misc":{"Est. reading time":"1 minute"},"schema":{"@context":"https:\/\/schema.org","@graph":[{"@type":"WebPage","@id":"https:\/\/geli.de\/en\/produkte\/conny\/","url":"https:\/\/geli.de\/en\/produkte\/conny\/","name":"Conny &#8226; Geli - Goods for green","isPartOf":{"@id":"https:\/\/geli.de\/#website"},"primaryImageOfPage":{"@id":"https:\/\/geli.de\/en\/produkte\/conny\/#primaryimage"},"image":{"@id":"https:\/\/geli.de\/en\/produkte\/conny\/#primaryimage"},"thumbnailUrl":"https:\/\/geli.de\/wp-content\/uploads\/2020\/09\/32001659_band.png","datePublished":"2020-08-19T09:57:35+00:00","dateModified":"2025-03-18T12:48:10+00:00","description":"Wir von Geli wissen, was G\u00e4rtner brauchen, ob f\u00fcr Balkon, Terrasse, den Garten oder das gem\u00fctliche Wohnzimmer. F\u00fcr den Garten- und Hausbereich bieten wir eine gro\u00dfe Palette an Kunststoffprodukten aus modernsten Spritzgie\u00df- und Blasverfahren an.","breadcrumb":{"@id":"https:\/\/geli.de\/en\/produkte\/conny\/#breadcrumb"},"inLanguage":"en-US","potentialAction":[{"@type":"ReadAction","target":["https:\/\/geli.de\/en\/produkte\/conny\/"]}]},{"@type":"ImageObject","inLanguage":"en-US","@id":"https:\/\/geli.de\/en\/produkte\/conny\/#primaryimage","url":"https:\/\/geli.de\/wp-content\/uploads\/2020\/09\/32001659_band.png","contentUrl":"https:\/\/geli.de\/wp-content\/uploads\/2020\/09\/32001659_band.png","width":1485,"height":1444},{"@type":"BreadcrumbList","@id":"https:\/\/geli.de\/en\/produkte\/conny\/#breadcrumb","itemListElement":[{"@type":"ListItem","position":1,"name":"Startseite","item":"https:\/\/geli.de\/en\/"},{"@type":"ListItem","position":2,"name":"Products","item":"https:\/\/geli.de\/en\/produkte\/"},{"@type":"ListItem","position":3,"name":"Conny"}]},{"@type":"WebSite","@id":"https:\/\/geli.de\/#website","url":"https:\/\/geli.de\/","name":"Geli - Goods for green","description":"Wir von Geli wissen, was G\u00e4rtner brauchen, ob f\u00fcr Balkon, Terrasse, den Garten oder das gem\u00fctliche Wohnzimmer. F\u00fcr den Garten- und Hausbereich bieten wir eine gro\u00dfe Palette an Kunststoffprodukten aus modernsten Spritzgie\u00df- und Blasverfahren an.","publisher":{"@id":"https:\/\/geli.de\/#organization"},"potentialAction":[{"@type":"SearchAction","target":{"@type":"EntryPoint","urlTemplate":"https:\/\/geli.de\/?s={search_term_string}"},"query-input":{"@type":"PropertyValueSpecification","valueRequired":true,"valueName":"search_term_string"}}],"inLanguage":"en-US"},{"@type":"Organization","@id":"https:\/\/geli.de\/#organization","name":"Geli GmbH","url":"https:\/\/geli.de\/","logo":{"@type":"ImageObject","inLanguage":"en-US","@id":"https:\/\/geli.de\/#\/schema\/logo\/image\/","url":"https:\/\/geli.de\/wp-content\/uploads\/2018\/03\/geli_logo_wb_claim_rgb_140512-01.png","contentUrl":"https:\/\/geli.de\/wp-content\/uploads\/2018\/03\/geli_logo_wb_claim_rgb_140512-01.png","width":1406,"height":975,"caption":"Geli GmbH"},"image":{"@id":"https:\/\/geli.de\/#\/schema\/logo\/image\/"},"sameAs":["https:\/\/www.facebook.com\/GeliGmbH\/"]}]}},"_links":{"self":[{"href":"https:\/\/geli.de\/en\/wp-json\/wp\/v2\/product\/12979","targetHints":{"allow":["GET"]}}],"collection":[{"href":"https:\/\/geli.de\/en\/wp-json\/wp\/v2\/product"}],"about":[{"href":"https:\/\/geli.de\/en\/wp-json\/wp\/v2\/types\/product"}],"wp:featuredmedia":[{"embeddable":true,"href":"https:\/\/geli.de\/en\/wp-json\/wp\/v2\/media\/13072"}],"wp:attachment":[{"href":"https:\/\/geli.de\/en\/wp-json\/wp\/v2\/media?parent=12979"}],"wp:term":[{"taxonomy":"product_brand","embeddable":true,"href":"https:\/\/geli.de\/en\/wp-json\/wp\/v2\/product_brand?post=12979"},{"taxonomy":"product_cat","embeddable":true,"href":"https:\/\/geli.de\/en\/wp-json\/wp\/v2\/product_cat?post=12979"},{"taxonomy":"product_tag","embeddable":true,"href":"https:\/\/geli.de\/en\/wp-json\/wp\/v2\/product_tag?post=12979"}],"curies":[{"name":"wp","href":"https:\/\/api.w.org\/{rel}","templated":true}]}}